{"id":7109,"date":"2021-11-03T05:56:03","date_gmt":"2021-11-03T04:56:03","guid":{"rendered":"https:\/\/kariera.m2c.eu\/?page_id=7109"},"modified":"2021-11-05T07:57:57","modified_gmt":"2021-11-05T06:57:57","slug":"garda","status":"publish","type":"page","link":"https:\/\/kariera.m2c.eu\/ro\/garda\/","title":{"rendered":"GARD\u0102"},"content":{"rendered":"","protected":false},"excerpt":{"rendered":"","protected":false},"author":14,"featured_media":0,"parent":0,"menu_order":0,"comment_status":"closed","ping_status":"closed","template":"pages\/page-blocks.php","meta":{"footnotes":""},"class_list":["post-7109","page","type-page","status-publish","hentry"],"yoast_head":"<!-- This site is optimized with the Yoast SEO plugin v27.4 - https:\/\/yoast.com\/product\/yoast-seo-wordpress\/ -->\n<title>GARD\u0102 | M2C - kari\u00e9ra<\/title>\n<meta name=\"robots\" content=\"index, follow, max-snippet:-1, max-image-preview:large, max-video-preview:-1\" \/>\n<link rel=\"canonical\" href=\"https:\/\/kariera.m2c.eu\/ro\/garda\/\" \/>\n<meta property=\"og:locale\" content=\"ro_RO\" \/>\n<meta property=\"og:type\" content=\"article\" \/>\n<meta property=\"og:title\" content=\"GARD\u0102 | M2C - kari\u00e9ra\" \/>\n<meta property=\"og:url\" content=\"https:\/\/kariera.m2c.eu\/ro\/garda\/\" \/>\n<meta property=\"og:site_name\" content=\"M2C - kari\u00e9ra\" \/>\n<meta property=\"article:modified_time\" content=\"2021-11-05T06:57:57+00:00\" \/>\n<meta name=\"twitter:card\" content=\"summary_large_image\" \/>\n<!-- \/ Yoast SEO plugin. -->","yoast_head_json":{"title":"GARD\u0102 | M2C - kari\u00e9ra","robots":{"index":"index","follow":"follow","max-snippet":"max-snippet:-1","max-image-preview":"max-image-preview:large","max-video-preview":"max-video-preview:-1"},"canonical":"https:\/\/kariera.m2c.eu\/ro\/garda\/","og_locale":"ro_RO","og_type":"article","og_title":"GARD\u0102 | M2C - kari\u00e9ra","og_url":"https:\/\/kariera.m2c.eu\/ro\/garda\/","og_site_name":"M2C - kari\u00e9ra","article_modified_time":"2021-11-05T06:57:57+00:00","twitter_card":"summary_large_image","schema":{"@context":"https:\/\/schema.org","@graph":[{"@type":"WebPage","@id":"https:\/\/kariera.m2c.eu\/ro\/garda\/","url":"https:\/\/kariera.m2c.eu\/ro\/garda\/","name":"GARD\u0102 | M2C - kari\u00e9ra","isPartOf":{"@id":"https:\/\/kariera.m2c.eu\/#website"},"datePublished":"2021-11-03T04:56:03+00:00","dateModified":"2021-11-05T06:57:57+00:00","breadcrumb":{"@id":"https:\/\/kariera.m2c.eu\/ro\/garda\/#breadcrumb"},"inLanguage":"ro-RO","potentialAction":[{"@type":"ReadAction","target":["https:\/\/kariera.m2c.eu\/ro\/garda\/"]}]},{"@type":"BreadcrumbList","@id":"https:\/\/kariera.m2c.eu\/ro\/garda\/#breadcrumb","itemListElement":[{"@type":"ListItem","position":1,"name":"Home","item":"https:\/\/kariera.m2c.eu\/ro\/"},{"@type":"ListItem","position":2,"name":"GARD\u0102"}]},{"@type":"WebSite","@id":"https:\/\/kariera.m2c.eu\/#website","url":"https:\/\/kariera.m2c.eu\/","name":"M2C - kari\u00e9ra","description":"Zosta\u0144 cz\u0119\u015bci\u0105 M2C!","potentialAction":[{"@type":"SearchAction","target":{"@type":"EntryPoint","urlTemplate":"https:\/\/kariera.m2c.eu\/?s={search_term_string}"},"query-input":{"@type":"PropertyValueSpecification","valueRequired":true,"valueName":"search_term_string"}}],"inLanguage":"ro-RO"}]}},"_links":{"self":[{"href":"https:\/\/kariera.m2c.eu\/ro\/wp-json\/wp\/v2\/pages\/7109","targetHints":{"allow":["GET"]}}],"collection":[{"href":"https:\/\/kariera.m2c.eu\/ro\/wp-json\/wp\/v2\/pages"}],"about":[{"href":"https:\/\/kariera.m2c.eu\/ro\/wp-json\/wp\/v2\/types\/page"}],"author":[{"embeddable":true,"href":"https:\/\/kariera.m2c.eu\/ro\/wp-json\/wp\/v2\/users\/14"}],"replies":[{"embeddable":true,"href":"https:\/\/kariera.m2c.eu\/ro\/wp-json\/wp\/v2\/comments?post=7109"}],"version-history":[{"count":1,"href":"https:\/\/kariera.m2c.eu\/ro\/wp-json\/wp\/v2\/pages\/7109\/revisions"}],"predecessor-version":[{"id":7110,"href":"https:\/\/kariera.m2c.eu\/ro\/wp-json\/wp\/v2\/pages\/7109\/revisions\/7110"}],"wp:attachment":[{"href":"https:\/\/kariera.m2c.eu\/ro\/wp-json\/wp\/v2\/media?parent=7109"}],"curies":[{"name":"wp","href":"https:\/\/api.w.org\/{rel}","templated":true}]}}