{"id":7093,"date":"2021-11-03T05:49:17","date_gmt":"2021-11-03T04:49:17","guid":{"rendered":"https:\/\/kariera.m2c.eu\/?page_id=7093"},"modified":"2025-05-30T15:37:06","modified_gmt":"2025-05-30T13:37:06","slug":"educatie","status":"publish","type":"page","link":"https:\/\/kariera.m2c.eu\/ro\/educatie\/","title":{"rendered":"Educa\u0163ie"},"content":{"rendered":"<div class=\"d-none\" style=\"display: none;\">\n<h3>Educa\u021bie \u0219i examene<\/h3>\n<p>Avem dorin\u021ba de a \u00eenv\u0103\u021ba \u0219i de a \u00eencerca noi abord\u0103ri. De asemenea, v\u0103 vom ajuta \u00een c\u0103l\u0103toria dvs. Nu vrei s\u0103 stai \u00eentr-un singur loc? Pute\u021bi \u00eencerca diferite pozi\u021bii, v\u0103 vom ajuta s\u0103 cre\u0219te\u021bi. \u00cen M2C avem un sistem elaborat de instruire \u0219i educare a angaja\u021bilor.<\/p>\n<h3>Ce categorie te intereseaz\u0103?<\/h3>\n<h3>Toate informa\u021biile legate de instruire \u0219i cursuri v\u0103 vor fi furnizate de:<\/h3>\n<\/div>\n<div class=\"d-none\" style=\"display: none;\">\n<h3>Educa\u021bie \u0219i examene<\/h3>\n<p>Avem dorin\u021ba de a \u00eenv\u0103\u021ba \u0219i de a \u00eencerca noi abord\u0103ri. De asemenea, v\u0103 vom ajuta \u00een c\u0103l\u0103toria dvs. Nu vrei s\u0103 stai \u00eentr-un singur loc? Pute\u021bi \u00eencerca diferite pozi\u021bii, v\u0103 vom ajuta s\u0103 cre\u0219te\u021bi. \u00cen M2C avem un sistem elaborat de instruire \u0219i educare a angaja\u021bilor.<\/p>\n<h3>Ce categorie te intereseaz\u0103?<\/h3>\n<\/div>\n","protected":false},"excerpt":{"rendered":"<p>Educa\u021bie \u0219i examene Avem dorin\u021ba de a \u00eenv\u0103\u021ba \u0219i de a \u00eencerca noi abord\u0103ri. De asemenea, v\u0103 vom ajuta \u00een c\u0103l\u0103toria dvs. Nu vrei s\u0103 stai \u00eentr-un singur loc? Pute\u021bi \u00eencerca diferite pozi\u021bii, v\u0103 vom ajuta s\u0103 cre\u0219te\u021bi. \u00cen M2C avem un sistem elaborat de instruire \u0219i educare a angaja\u021bilor. Ce categorie te intereseaz\u0103? Toate&#8230;<\/p>\n","protected":false},"author":14,"featured_media":0,"parent":0,"menu_order":0,"comment_status":"closed","ping_status":"closed","template":"pages\/page-blocks.php","meta":{"footnotes":""},"class_list":["post-7093","page","type-page","status-publish","hentry"],"yoast_head":"<!-- This site is optimized with the Yoast SEO plugin v27.2 - https:\/\/yoast.com\/product\/yoast-seo-wordpress\/ -->\n<title>Educa\u0163ie | M2C - kari\u00e9ra<\/title>\n<meta name=\"description\" content=\"La M2C sprijinim dezvoltarea profesional\u0103 prin cursuri, traininguri \u0219i programe educa\u021bionale. \u00cencepe-\u021bi evolu\u021bia cu noi.\" \/>\n<meta name=\"robots\" content=\"index, follow, max-snippet:-1, max-image-preview:large, max-video-preview:-1\" \/>\n<link rel=\"canonical\" href=\"https:\/\/kariera.m2c.eu\/ro\/educatie\/\" \/>\n<meta property=\"og:locale\" content=\"ro_RO\" \/>\n<meta property=\"og:type\" content=\"article\" \/>\n<meta property=\"og:title\" content=\"Educa\u0163ie | M2C - kari\u00e9ra\" \/>\n<meta property=\"og:description\" content=\"La M2C sprijinim dezvoltarea profesional\u0103 prin cursuri, traininguri \u0219i programe educa\u021bionale. \u00cencepe-\u021bi evolu\u021bia cu noi.\" \/>\n<meta property=\"og:url\" content=\"https:\/\/kariera.m2c.eu\/ro\/educatie\/\" \/>\n<meta property=\"og:site_name\" content=\"M2C - kari\u00e9ra\" \/>\n<meta property=\"article:modified_time\" content=\"2025-05-30T13:37:06+00:00\" \/>\n<meta name=\"twitter:card\" content=\"summary_large_image\" \/>\n<meta name=\"twitter:label1\" content=\"Timp estimat pentru citire\" \/>\n\t<meta name=\"twitter:data1\" content=\"1 minut\" \/>\n<!-- \/ Yoast SEO plugin. -->","yoast_head_json":{"title":"Educa\u0163ie | M2C - kari\u00e9ra","description":"La M2C sprijinim dezvoltarea profesional\u0103 prin cursuri, traininguri \u0219i programe educa\u021bionale. \u00cencepe-\u021bi evolu\u021bia cu noi.","robots":{"index":"index","follow":"follow","max-snippet":"max-snippet:-1","max-image-preview":"max-image-preview:large","max-video-preview":"max-video-preview:-1"},"canonical":"https:\/\/kariera.m2c.eu\/ro\/educatie\/","og_locale":"ro_RO","og_type":"article","og_title":"Educa\u0163ie | M2C - kari\u00e9ra","og_description":"La M2C sprijinim dezvoltarea profesional\u0103 prin cursuri, traininguri \u0219i programe educa\u021bionale. \u00cencepe-\u021bi evolu\u021bia cu noi.","og_url":"https:\/\/kariera.m2c.eu\/ro\/educatie\/","og_site_name":"M2C - kari\u00e9ra","article_modified_time":"2025-05-30T13:37:06+00:00","twitter_card":"summary_large_image","twitter_misc":{"Timp estimat pentru citire":"1 minut"},"schema":{"@context":"https:\/\/schema.org","@graph":[{"@type":"WebPage","@id":"https:\/\/kariera.m2c.eu\/ro\/educatie\/","url":"https:\/\/kariera.m2c.eu\/ro\/educatie\/","name":"Educa\u0163ie | M2C - kari\u00e9ra","isPartOf":{"@id":"https:\/\/kariera.m2c.eu\/#website"},"datePublished":"2021-11-03T04:49:17+00:00","dateModified":"2025-05-30T13:37:06+00:00","description":"La M2C sprijinim dezvoltarea profesional\u0103 prin cursuri, traininguri \u0219i programe educa\u021bionale. \u00cencepe-\u021bi evolu\u021bia cu noi.","breadcrumb":{"@id":"https:\/\/kariera.m2c.eu\/ro\/educatie\/#breadcrumb"},"inLanguage":"ro-RO","potentialAction":[{"@type":"ReadAction","target":["https:\/\/kariera.m2c.eu\/ro\/educatie\/"]}]},{"@type":"BreadcrumbList","@id":"https:\/\/kariera.m2c.eu\/ro\/educatie\/#breadcrumb","itemListElement":[{"@type":"ListItem","position":1,"name":"Home","item":"https:\/\/kariera.m2c.eu\/ro\/"},{"@type":"ListItem","position":2,"name":"Educa\u0163ie"}]},{"@type":"WebSite","@id":"https:\/\/kariera.m2c.eu\/#website","url":"https:\/\/kariera.m2c.eu\/","name":"M2C - kari\u00e9ra","description":"Zosta\u0144 cz\u0119\u015bci\u0105 M2C!","potentialAction":[{"@type":"SearchAction","target":{"@type":"EntryPoint","urlTemplate":"https:\/\/kariera.m2c.eu\/?s={search_term_string}"},"query-input":{"@type":"PropertyValueSpecification","valueRequired":true,"valueName":"search_term_string"}}],"inLanguage":"ro-RO"}]}},"_links":{"self":[{"href":"https:\/\/kariera.m2c.eu\/ro\/wp-json\/wp\/v2\/pages\/7093","targetHints":{"allow":["GET"]}}],"collection":[{"href":"https:\/\/kariera.m2c.eu\/ro\/wp-json\/wp\/v2\/pages"}],"about":[{"href":"https:\/\/kariera.m2c.eu\/ro\/wp-json\/wp\/v2\/types\/page"}],"author":[{"embeddable":true,"href":"https:\/\/kariera.m2c.eu\/ro\/wp-json\/wp\/v2\/users\/14"}],"replies":[{"embeddable":true,"href":"https:\/\/kariera.m2c.eu\/ro\/wp-json\/wp\/v2\/comments?post=7093"}],"version-history":[{"count":4,"href":"https:\/\/kariera.m2c.eu\/ro\/wp-json\/wp\/v2\/pages\/7093\/revisions"}],"predecessor-version":[{"id":14457,"href":"https:\/\/kariera.m2c.eu\/ro\/wp-json\/wp\/v2\/pages\/7093\/revisions\/14457"}],"wp:attachment":[{"href":"https:\/\/kariera.m2c.eu\/ro\/wp-json\/wp\/v2\/media?parent=7093"}],"curies":[{"name":"wp","href":"https:\/\/api.w.org\/{rel}","templated":true}]}}