{"id":6498,"date":"2021-10-25T10:25:51","date_gmt":"2021-10-25T08:25:51","guid":{"rendered":"https:\/\/kariera.m2c.eu\/?page_id=6498"},"modified":"2025-07-28T13:16:59","modified_gmt":"2025-07-28T11:16:59","slug":"polityka-prywatnosci","status":"publish","type":"page","link":"https:\/\/kariera.m2c.eu\/pl\/polityka-prywatnosci\/","title":{"rendered":"Polityka prywatno\u015bci"},"content":{"rendered":"<h2>DEFINICJE<\/h2>\n<ol>\n<li><strong>Administrator Danych Osobowych (ADO)<\/strong> \u2013 M2C Facility Solution Polska sp. z. o. o. z siedzib\u0105 w Katowicach (40-602) przy ul. Kolejowej 57, KRS 0000985292, NIP 9542843656.<\/li>\n<li><strong>Dane osobowe<\/strong> \u2013 oznaczaj\u0105 informacje o zidentyfikowanej lub mo\u017cliwej do zidentyfikowania osobie fizycznej; mo\u017cliwa do zidentyfikowania osoba fizyczna to osoba, kt\u00f3r\u0105 mo\u017cna bezpo\u015brednio lub po\u015brednio zidentyfikowa\u0107, w szczeg\u00f3lno\u015bci na podstawie identyfikatora takiego jak imi\u0119 i nazwisko, numer identyfikacyjny, dane o lokalizacji, identyfikator internetowy lub jeden b\u0105d\u017a kilka szczeg\u00f3lnych czynnik\u00f3w okre\u015blaj\u0105cych fizyczn\u0105, fizjologiczn\u0105, genetyczn\u0105, psychiczn\u0105, ekonomiczn\u0105, kulturow\u0105 lub spo\u0142eczn\u0105 to\u017csamo\u015b\u0107 osoby fizycznej.<\/li>\n<li><strong>RODO<\/strong> \u2013 rozporz\u0105dzenie Parlamentu Europejskiego i Rady (UE) 2016\/679 z dnia 27 kwietnia 2016 r, w sprawie ochrony os\u00f3b fizycznych w zwi\u0105zku z przetwarzaniem danych osobowych w sprawie swobodnego przep\u0142ywu takich danych oraz uchylenia dyrektywy 95\/46\/ WE.<\/li>\n<li><strong>Podmiot danych<\/strong> \u2013 osoba fizyczna, kt\u00f3rej dane osobowe s\u0105 przetwarzane przez Administratora np. osoba kieruj\u0105ca zapytanie przez formularz kontaktowy.<\/li>\n<li><strong>Polityka<\/strong> \u2013 niniejsza polityka prywatno\u015bci.<\/li>\n<\/ol>\n<h2>\u00a7 2<br \/>\nPOLITYKA \u201eCOOKIES\u201d I WYMAGANIA TECHNICZNE<\/h2>\n<ol>\n<li>Korzystaj\u0105c z witryny internetowej, zbierane s\u0105 pliki typu \u201ecookies\u201d (\u201eciasteczka\u201d), obejmuj\u0105ce zawarto\u015b\u0107 tekstow\u0105 kt\u00f3re mog\u0105 zawiera\u0107 dane osobowe w postaci adresu IP komputera oraz unikalnego identyfikatora urz\u0105dzenia zapisanego w pliku.<\/li>\n<li>Podstaw\u0105 prawn\u0105 dla zbierania danych odczytywanych z plik\u00f3w \u201ecookies\u201d jest art. 6<br \/>\nust. 1 lit. f) RODO, dopuszczaj\u0105cy przetwarzanie danych osobowych dla osi\u0105gni\u0119cia usprawiedliwionego celu administratora danych. Celem takim jest dostosowanie strony do indywidualnych ustawie\u0144 u\u017cytkownika oraz zapami\u0119tanie wprowadzanych przez u\u017cytkownika danych zwi\u0105zanych z korzystaniem z serwisu, jak r\u00f3wnie\u017c prowadzenie analiz statystycznych dotycz\u0105cych u\u017cytkownik\u00f3w i odwiedzaj\u0105cych stron\u0119 na potrzeby administratora, okre\u015blenie profilu u\u017cytkownika w celu wy\u015bwietlania mu dopasowanych materia\u0142\u00f3w w sieciach reklamowych, w szczeg\u00f3lno\u015bci sieci Google, Google Analytics.<\/li>\n<li>Mo\u017cesz zrezygnowa\u0107 ze zbierania plik\u00f3w \u201ecookies\u201d wybieraj\u0105c odpowiednie ustawienia przegl\u0105darki, z kt\u00f3rej korzystasz, jednak nale\u017cy pami\u0119ta\u0107, \u017ce w takim przypadku korzystanie z wszystkich funkcji serwisu mo\u017ce okaza\u0107 si\u0119 utrudnione, np. zablokowanie wszystkich cookies z naszej witryny mo\u017ce wp\u0142ywa\u0107 na problemy z jej dzia\u0142aniem czy te\u017c ca\u0142kowicie blokowa\u0107 korzystanie z pewnych opcji na stronie internetowej.<\/li>\n<li>Mo\u017cesz uzyska\u0107 dost\u0119p do swoich danych w formie zbieranej poprzez analiz\u0119 zawarto\u015bci plik\u00f3w \u201ecookies\u201d, w tre\u015bci w jakiej znajduj\u0105 si\u0119 na dysku komputera, kt\u00f3re s\u0105 nast\u0119pnie wykorzystywane przez witryn\u0119 oraz w ka\u017cdej chwili je usun\u0105\u0107.<\/li>\n<li>Przys\u0142uguje Ci prawo ich usuni\u0119cia, wniesienia sprzeciwu wobec ich przetwarzania, jak r\u00f3wnie\u017c prawo wniesienia skargi do organu nadzorczego.<\/li>\n<\/ol>\n<h2>\u00a7 3<br \/>\nZASADY PRZETWARZANIA DANYCH<\/h2>\n<ol>\n<li>Administrator prowadz\u0105c dzia\u0142alno\u015b\u0107 gospodarcz\u0105 zbiera i przetwarza dane osobowe zgodnie z przepisami prawa oraz ustanowionymi w RODO zasadami ochrony danych osobowych.<\/li>\n<li>Administrator stosuje w przypadku przetwarzania danych nast\u0119puj\u0105ce zasady:\n<ul>\n<li>Zasada legalizmu, rzetelno\u015bci, przejrzysto\u015bci;<\/li>\n<li>Zasada ograniczenia celu i przetwarzania danych;<\/li>\n<li>Zasada minimalizacji danych;<\/li>\n<li>Zasada prawid\u0142owo\u015bci przetwarzania danych;<\/li>\n<li>Zasada ograniczenia przechowywania danych;<\/li>\n<li>Zasada integralno\u015bci i poufno\u015bci przetwarzania;<\/li>\n<li>Zasada rozliczalno\u015bci.<\/li>\n<\/ul>\n<\/li>\n<li>Administrator zobowi\u0105zuje si\u0119 do ochrony Twoich danych osobowych zgodnie z obowi\u0105zuj\u0105cymi przepisami, w szczeg\u00f3lno\u015bci do ich nieujawniania osobom trzecim oraz do ich przetwarzania wy\u0142\u0105cznie w okre\u015blonych celach.<\/li>\n<li>Dane osobowe s\u0105 zabezpieczone przed bezprawnym udost\u0119pnieniem osobom nieupowa\u017cnionym, zabraniem przez osoby nieupowa\u017cnione, zniszczeniem, utrat\u0105, uszkodzeniem lun zmian\u0105 oraz przetwarzaniem niezgodnym z przepisami prawa powszechnie obowi\u0105zuj\u0105cego. Administrator stosuje \u015brodki bezpiecze\u0144stwa w celu ochrony danych osobowych. Wprowadzone zosta\u0142y procedury przechowywania danych, zasady przeprowadzania wewn\u0119trznych kontroli zebranych danych, okre\u015blono okresy retencji przechowywanych danych.<\/li>\n<\/ol>\n<h2>\u00a7 4<br \/>\nBEZPIECZE\u0143STWO DANYCH OSOBOWYCH<\/h2>\n<ol>\n<li>Administrator wdro\u017cy\u0142 procedury zapewniaj\u0105ce integralno\u015b\u0107 i poufno\u015b\u0107 danych. Dost\u0119p do danych osobowych maj\u0105 wy\u0142\u0105cznie osoby upowa\u017cnione przez Administratora i wy\u0142\u0105cznie w zakresie, w jakim jest to niezb\u0119dne ze wzgl\u0119du na wykonywane przez nich obowi\u0105zk\u00f3w i zada\u0144.<\/li>\n<li>Wszelkie operacje na danych wykonywane przez Administratora s\u0105 rejestrowane i dokonywane przez uprawnione osoby, przyj\u0119to rozwi\u0105zania techniczne i organizacyjne w stosowanych procedurach.<\/li>\n<li>Administrator starannie wsp\u00f3\u0142pracuje jedynie z podmiotami daj\u0105cymi pe\u0142n\u0105 gwarancj\u0119 stosowania wysokiego poziomu bezpiecze\u0144stwa przetwarzania danych osobowych.<\/li>\n<li>Administrator monitoruje adekwatno\u015b\u0107 stosowanych zabezpiecze\u0144 i identyfikuje na bie\u017c\u0105co potencjalne zagro\u017cenia.<\/li>\n<li>Osoby przetwarzaj\u0105ce dane osobowe zosta\u0142y przez Administratora zobowi\u0105zane do zachowania tajemnicy danych osobowych, a tak\u017ce do zachowania poufno\u015bci.<\/li>\n<\/ol>\n<h2>\u00a7 5<br \/>\nPRAWA OS\u00d3B, KT\u00d3RYCH DANE DOTYCZ\u0104<\/h2>\n<ol>\n<li><strong>Prawo do informacji o przetwarzaniu danych osobowych<\/strong>: na tej podstawie osobie zg\u0142aszaj\u0105cej \u017c\u0105danie Administrator przekazuje informacje o przetwarzaniu danych tj. o celach i podstawach prawnych przetwarzania danych, zakresie posiadanych danych, podmiotach, kt\u00f3rym dane udost\u0119pniono oraz o planowanym okresie przechowywania danych.<\/li>\n<li><strong>Prawo do sprostowania<\/strong>: Administrator zobowi\u0105zany jest usuwa\u0107 b\u0142\u0119dy, omy\u0142ki pisarskie, a tak\u017ce uzupe\u0142nia\u0107 dane, je\u015bli s\u0105 niekompletne.<\/li>\n<li><strong>Prawo do usuni\u0119cia danych<\/strong>: podmiot danych mo\u017ce \u017c\u0105da\u0107 usuni\u0119cia swoich danych, gdy ich przetwarzanie jest ju\u017c zb\u0119dne dla celu w jakim zosta\u0142y zebrane.<\/li>\n<li><strong>Prawo do uzyskania kopii danych<\/strong>: Administrator zobowi\u0105zany jest przekaza\u0107 kopi\u0119 przetwarzanych danych dotycz\u0105cych zg\u0142aszaj\u0105cej si\u0119 osoby.<\/li>\n<li><strong>Prawo do przenoszenia danych<\/strong>: Administrator na \u017c\u0105danie podmiotu danych, powinien udost\u0119pni\u0107 te dane w formacie mo\u017cliwym do odczytu na komputerze lub przes\u0142a\u0107 innemu podmiotowi wskazanemu przez podmiot danych.<\/li>\n<li><strong>Prawo do ograniczenia przetwarzania<\/strong>: w razie zg\u0142oszenia przez podmiot danych takiego \u017c\u0105dania, Administrator zaprzestaje wykonywa\u0107 operacje na danych oraz ich przechowa\u0107 zgodnie z okre\u015blonymi okresami przechowywania danych.<\/li>\n<li><strong>Prawo sprzeciwu wobec przetwarzania danych w celach marketingowych<\/strong>: osoba, kt\u00f3rej dane dotycz\u0105 ma prawo do z\u0142o\u017cenia sprzeciwu, w\u00f3wczas jej dane nie b\u0119d\u0105 przez Administratora przetwarzane w celach marketingowych.<\/li>\n<li><strong>Prawo do wycofania zgody<\/strong>: podmiot danych ma prawo w ka\u017cdym czasie cofn\u0105\u0107 wyra\u017con\u0105 uprzednio zgod\u0119 na przetwarzanie danych.<\/li>\n<li><strong>Prawo do skargi<\/strong>: podmiot danych ma prawo z\u0142o\u017cy\u0107 skarg\u0119 do organu ochrony danych w ka\u017cdym przypadku, gdy uzna, \u017ce Administrator narusza przepisy prawa z zakresu ochrony danych osobowych.<\/li>\n<\/ol>\n<h2>\u00a7 6<br \/>\nKORESPONDENCJA MAILOWA I TRADYCYJNA<\/h2>\n<ol>\n<li>Wszelkie korespondencje kierowane do Administratora niezwi\u0105zane ze \u015bwiadczonymi przez firm\u0119 M2C Facility Solution Polska Sp. z o.o. us\u0142ugami, zawieraj\u0105ce w swej tre\u015bci dane osobowe b\u0119d\u0105 przetwarzane tylko i wy\u0142\u0105cznie w celu komunikacji i ustosunkowania si\u0119 do poruszonych w korespondencji kwestiach.<\/li>\n<li>Podstaw\u0105 prawn\u0105 przetwarzania danych osobowych w celu odpowiedzi na pro\u015bb\u0119 o kontakt, jak r\u00f3wnie\u017c prowadzenie przez Administratora wszelkiej korespondencji w zwi\u0105zku z prowadzon\u0105 dzia\u0142alno\u015bci\u0105 jest art. 6 ust. 1 lit f RODO.<\/li>\n<li>Wszelkie formy kontaktu telefonicznego na pro\u015bb\u0119 podmiotu danych Administrator wykonuje w prawnie usprawiedliwionym celu, kt\u00f3ry stanowi podstaw\u0119 prawn\u0105 przetwarzania danych osobowych pozyskanych podczas rozmowy telefonicznej \u2013 art. 6 ust. 1 lit. f RODO.<\/li>\n<li>Przekazywanie informacji handlowych przez Administratora za pomoc\u0105 \u015brodk\u00f3w komunikacji elektronicznej odbywa si\u0119 wy\u0142\u0105cznie po uzyskaniu zgody. Zgoda mo\u017ce by\u0107 w ka\u017cdym czasie cofni\u0119ta.<\/li>\n<\/ol>\n<h2>\u00a7 7<br \/>\nREALIZACJA \u017b\u0104DA\u0143 ZWI\u0104ZANYCH Z PRAWAMI Z ZAKRESU OCHRONY DANYCH<\/h2>\n<ol>\n<li>Wnioski dotycz\u0105ce realizacji praw podmiot\u00f3w danych mo\u017cna zg\u0142asza\u0107 w formie pisemnej na adres: M2C Facility Solution Polska Sp. z o.o., ul. Kolejowa 57, 40-602 Katowice.<\/li>\n<li>Administrator udziela odpowiedzi na zg\u0142oszenie w ci\u0105gu 30 dni od jego otrzymania.<\/li>\n<li>Odpowied\u017a udzielana jest tylko na wskazany we wniosku adres poczty tradycyjnej lub adres mailowy.<\/li>\n<\/ol>\n","protected":false},"excerpt":{"rendered":"<p>DEFINICJE Administrator Danych Osobowych (ADO) \u2013 M2C Facility Solution Polska sp. z. o. o. z siedzib\u0105 w Katowicach (40-602) przy ul. Kolejowej 57, KRS 0000985292, NIP 9542843656. Dane osobowe \u2013 oznaczaj\u0105 informacje o zidentyfikowanej lub mo\u017cliwej do zidentyfikowania osobie fizycznej; mo\u017cliwa do zidentyfikowania osoba fizyczna to osoba, kt\u00f3r\u0105 mo\u017cna bezpo\u015brednio lub po\u015brednio zidentyfikowa\u0107, w szczeg\u00f3lno\u015bci&#8230;<\/p>\n","protected":false},"author":14,"featured_media":0,"parent":0,"menu_order":0,"comment_status":"closed","ping_status":"closed","template":"","meta":{"footnotes":""},"class_list":["post-6498","page","type-page","status-publish","hentry"],"yoast_head":"<!-- This site is optimized with the Yoast SEO plugin v27.4 - https:\/\/yoast.com\/product\/yoast-seo-wordpress\/ -->\n<title>Polityka prywatno\u015bci | M2C - kariera<\/title>\n<meta name=\"robots\" content=\"index, follow, max-snippet:-1, max-image-preview:large, max-video-preview:-1\" \/>\n<link rel=\"canonical\" href=\"https:\/\/kariera.m2c.eu\/pl\/polityka-prywatnosci\/\" \/>\n<meta property=\"og:locale\" content=\"pl_PL\" \/>\n<meta property=\"og:type\" content=\"article\" \/>\n<meta property=\"og:title\" content=\"Polityka prywatno\u015bci | M2C - kariera\" \/>\n<meta property=\"og:description\" content=\"DEFINICJE Administrator Danych Osobowych (ADO) \u2013 M2C Facility Solution Polska sp. z. o. o. z siedzib\u0105 w Katowicach (40-602) przy ul. Kolejowej 57, KRS 0000985292, NIP 9542843656. Dane osobowe \u2013 oznaczaj\u0105 informacje o zidentyfikowanej lub mo\u017cliwej do zidentyfikowania osobie fizycznej; mo\u017cliwa do zidentyfikowania osoba fizyczna to osoba, kt\u00f3r\u0105 mo\u017cna bezpo\u015brednio lub po\u015brednio zidentyfikowa\u0107, w szczeg\u00f3lno\u015bci...\" \/>\n<meta property=\"og:url\" content=\"https:\/\/kariera.m2c.eu\/pl\/polityka-prywatnosci\/\" \/>\n<meta property=\"og:site_name\" content=\"M2C - kariera\" \/>\n<meta property=\"article:modified_time\" content=\"2025-07-28T11:16:59+00:00\" \/>\n<meta name=\"twitter:card\" content=\"summary_large_image\" \/>\n<meta name=\"twitter:label1\" content=\"Szacowany czas czytania\" \/>\n\t<meta name=\"twitter:data1\" content=\"7 minut\" \/>\n<!-- \/ Yoast SEO plugin. -->","yoast_head_json":{"title":"Polityka prywatno\u015bci | M2C - kariera","robots":{"index":"index","follow":"follow","max-snippet":"max-snippet:-1","max-image-preview":"max-image-preview:large","max-video-preview":"max-video-preview:-1"},"canonical":"https:\/\/kariera.m2c.eu\/pl\/polityka-prywatnosci\/","og_locale":"pl_PL","og_type":"article","og_title":"Polityka prywatno\u015bci | M2C - kariera","og_description":"DEFINICJE Administrator Danych Osobowych (ADO) \u2013 M2C Facility Solution Polska sp. z. o. o. z siedzib\u0105 w Katowicach (40-602) przy ul. Kolejowej 57, KRS 0000985292, NIP 9542843656. Dane osobowe \u2013 oznaczaj\u0105 informacje o zidentyfikowanej lub mo\u017cliwej do zidentyfikowania osobie fizycznej; mo\u017cliwa do zidentyfikowania osoba fizyczna to osoba, kt\u00f3r\u0105 mo\u017cna bezpo\u015brednio lub po\u015brednio zidentyfikowa\u0107, w szczeg\u00f3lno\u015bci...","og_url":"https:\/\/kariera.m2c.eu\/pl\/polityka-prywatnosci\/","og_site_name":"M2C - kariera","article_modified_time":"2025-07-28T11:16:59+00:00","twitter_card":"summary_large_image","twitter_misc":{"Szacowany czas czytania":"7 minut"},"schema":{"@context":"https:\/\/schema.org","@graph":[{"@type":"WebPage","@id":"https:\/\/kariera.m2c.eu\/pl\/polityka-prywatnosci\/","url":"https:\/\/kariera.m2c.eu\/pl\/polityka-prywatnosci\/","name":"Polityka prywatno\u015bci | M2C - kariera","isPartOf":{"@id":"https:\/\/kariera.m2c.eu\/#website"},"datePublished":"2021-10-25T08:25:51+00:00","dateModified":"2025-07-28T11:16:59+00:00","breadcrumb":{"@id":"https:\/\/kariera.m2c.eu\/pl\/polityka-prywatnosci\/#breadcrumb"},"inLanguage":"pl-PL","potentialAction":[{"@type":"ReadAction","target":["https:\/\/kariera.m2c.eu\/pl\/polityka-prywatnosci\/"]}]},{"@type":"BreadcrumbList","@id":"https:\/\/kariera.m2c.eu\/pl\/polityka-prywatnosci\/#breadcrumb","itemListElement":[{"@type":"ListItem","position":1,"name":"Home","item":"https:\/\/kariera.m2c.eu\/pl\/"},{"@type":"ListItem","position":2,"name":"Polityka prywatno\u015bci"}]},{"@type":"WebSite","@id":"https:\/\/kariera.m2c.eu\/#website","url":"https:\/\/kariera.m2c.eu\/","name":"M2C - kariera","description":"Zosta\u0144 cz\u0119\u015bci\u0105 M2C!","potentialAction":[{"@type":"SearchAction","target":{"@type":"EntryPoint","urlTemplate":"https:\/\/kariera.m2c.eu\/?s={search_term_string}"},"query-input":{"@type":"PropertyValueSpecification","valueRequired":true,"valueName":"search_term_string"}}],"inLanguage":"pl-PL"}]}},"_links":{"self":[{"href":"https:\/\/kariera.m2c.eu\/pl\/wp-json\/wp\/v2\/pages\/6498","targetHints":{"allow":["GET"]}}],"collection":[{"href":"https:\/\/kariera.m2c.eu\/pl\/wp-json\/wp\/v2\/pages"}],"about":[{"href":"https:\/\/kariera.m2c.eu\/pl\/wp-json\/wp\/v2\/types\/page"}],"author":[{"embeddable":true,"href":"https:\/\/kariera.m2c.eu\/pl\/wp-json\/wp\/v2\/users\/14"}],"replies":[{"embeddable":true,"href":"https:\/\/kariera.m2c.eu\/pl\/wp-json\/wp\/v2\/comments?post=6498"}],"version-history":[{"count":3,"href":"https:\/\/kariera.m2c.eu\/pl\/wp-json\/wp\/v2\/pages\/6498\/revisions"}],"predecessor-version":[{"id":14897,"href":"https:\/\/kariera.m2c.eu\/pl\/wp-json\/wp\/v2\/pages\/6498\/revisions\/14897"}],"wp:attachment":[{"href":"https:\/\/kariera.m2c.eu\/pl\/wp-json\/wp\/v2\/media?parent=6498"}],"curies":[{"name":"wp","href":"https:\/\/api.w.org\/{rel}","templated":true}]}}