{"id":6484,"date":"2021-10-25T09:53:25","date_gmt":"2021-10-25T07:53:25","guid":{"rendered":"https:\/\/kariera.m2c.eu\/?page_id=6484"},"modified":"2024-01-31T13:07:22","modified_gmt":"2024-01-31T12:07:22","slug":"ochrona","status":"publish","type":"page","link":"https:\/\/kariera.m2c.eu\/pl\/ochrona\/","title":{"rendered":"Ochrona"},"content":{"rendered":"<div class=\"d-none\" style=\"display: none;\">\n<h3>Pracownik Ochrony<\/h3>\n<h3>W firmie M2C<\/h3>\n<h3>G\u0142\u00f3wne korzy\u015bci<\/h3>\n<h3>Co z nami zrobisz?<\/h3>\n<h3>Co musisz wiedzie\u0107 i umie\u0107?<\/h3>\n<h3>Jeste\u015b zainteresowany prac\u0105 z Nami?<\/h3>\n<h3>Kogo teraz szukamy?<\/h3>\n<h3>O nas<\/h3>\n<\/div>\n<div class=\"d-none\" style=\"display: none;\">\n<h3>Pracownik Ochrony<\/h3>\n<h3>G\u0142\u00f3wne korzy\u015bci<\/h3>\n<h3>Co z nami zrobisz?<\/h3>\n<h3>Co musisz wiedzie\u0107 i umie\u0107?<\/h3>\n<h3>Jeste\u015b zainteresowany prac\u0105 z Nami?<\/h3>\n<h3>Kogo teraz szukamy?<\/h3>\n<h3>O nas<\/h3>\n<\/div>\n","protected":false},"excerpt":{"rendered":"<p>Pracownik Ochrony W firmie M2C G\u0142\u00f3wne korzy\u015bci Co z nami zrobisz? Co musisz wiedzie\u0107 i umie\u0107? Jeste\u015b zainteresowany prac\u0105 z Nami? Kogo teraz szukamy? O nas Pracownik Ochrony G\u0142\u00f3wne korzy\u015bci Co z nami zrobisz? Co musisz wiedzie\u0107 i umie\u0107? Jeste\u015b zainteresowany prac\u0105 z Nami? Kogo teraz szukamy? O nas<\/p>\n","protected":false},"author":14,"featured_media":0,"parent":0,"menu_order":0,"comment_status":"closed","ping_status":"closed","template":"pages\/page-blocks.php","meta":{"footnotes":""},"class_list":["post-6484","page","type-page","status-publish","hentry"],"yoast_head":"<!-- This site is optimized with the Yoast SEO plugin v27.4 - https:\/\/yoast.com\/product\/yoast-seo-wordpress\/ -->\n<title>Ochrona | M2C - kariera<\/title>\n<meta name=\"description\" content=\"Stabilna i sprawdzona praca w ochronie? Zobacz, gdzie obecnie szukamy pracownik\u00f3w ochrony fizycznej lub analityk\u00f3w.\" \/>\n<meta name=\"robots\" content=\"index, follow, max-snippet:-1, max-image-preview:large, max-video-preview:-1\" \/>\n<link rel=\"canonical\" href=\"https:\/\/kariera.m2c.eu\/pl\/ochrona\/\" \/>\n<meta property=\"og:locale\" content=\"pl_PL\" \/>\n<meta property=\"og:type\" content=\"article\" \/>\n<meta property=\"og:title\" content=\"Ochrona | M2C - kariera\" \/>\n<meta property=\"og:description\" content=\"Stabilna i sprawdzona praca w ochronie? Zobacz, gdzie obecnie szukamy pracownik\u00f3w ochrony fizycznej lub analityk\u00f3w.\" \/>\n<meta property=\"og:url\" content=\"https:\/\/kariera.m2c.eu\/pl\/ochrona\/\" \/>\n<meta property=\"og:site_name\" content=\"M2C - kariera\" \/>\n<meta property=\"article:modified_time\" content=\"2024-01-31T12:07:22+00:00\" \/>\n<meta name=\"twitter:card\" content=\"summary_large_image\" \/>\n<meta name=\"twitter:label1\" content=\"Szacowany czas czytania\" \/>\n\t<meta name=\"twitter:data1\" content=\"1 minuta\" \/>\n<!-- \/ Yoast SEO plugin. -->","yoast_head_json":{"title":"Ochrona | M2C - kariera","description":"Stabilna i sprawdzona praca w ochronie? Zobacz, gdzie obecnie szukamy pracownik\u00f3w ochrony fizycznej lub analityk\u00f3w.","robots":{"index":"index","follow":"follow","max-snippet":"max-snippet:-1","max-image-preview":"max-image-preview:large","max-video-preview":"max-video-preview:-1"},"canonical":"https:\/\/kariera.m2c.eu\/pl\/ochrona\/","og_locale":"pl_PL","og_type":"article","og_title":"Ochrona | M2C - kariera","og_description":"Stabilna i sprawdzona praca w ochronie? Zobacz, gdzie obecnie szukamy pracownik\u00f3w ochrony fizycznej lub analityk\u00f3w.","og_url":"https:\/\/kariera.m2c.eu\/pl\/ochrona\/","og_site_name":"M2C - kariera","article_modified_time":"2024-01-31T12:07:22+00:00","twitter_card":"summary_large_image","twitter_misc":{"Szacowany czas czytania":"1 minuta"},"schema":{"@context":"https:\/\/schema.org","@graph":[{"@type":"WebPage","@id":"https:\/\/kariera.m2c.eu\/pl\/ochrona\/","url":"https:\/\/kariera.m2c.eu\/pl\/ochrona\/","name":"Ochrona | M2C - kariera","isPartOf":{"@id":"https:\/\/kariera.m2c.eu\/#website"},"datePublished":"2021-10-25T07:53:25+00:00","dateModified":"2024-01-31T12:07:22+00:00","description":"Stabilna i sprawdzona praca w ochronie? Zobacz, gdzie obecnie szukamy pracownik\u00f3w ochrony fizycznej lub analityk\u00f3w.","breadcrumb":{"@id":"https:\/\/kariera.m2c.eu\/pl\/ochrona\/#breadcrumb"},"inLanguage":"pl-PL","potentialAction":[{"@type":"ReadAction","target":["https:\/\/kariera.m2c.eu\/pl\/ochrona\/"]}]},{"@type":"BreadcrumbList","@id":"https:\/\/kariera.m2c.eu\/pl\/ochrona\/#breadcrumb","itemListElement":[{"@type":"ListItem","position":1,"name":"Home","item":"https:\/\/kariera.m2c.eu\/pl\/"},{"@type":"ListItem","position":2,"name":"Ochrona"}]},{"@type":"WebSite","@id":"https:\/\/kariera.m2c.eu\/#website","url":"https:\/\/kariera.m2c.eu\/","name":"M2C - kariera","description":"Zosta\u0144 cz\u0119\u015bci\u0105 M2C!","potentialAction":[{"@type":"SearchAction","target":{"@type":"EntryPoint","urlTemplate":"https:\/\/kariera.m2c.eu\/?s={search_term_string}"},"query-input":{"@type":"PropertyValueSpecification","valueRequired":true,"valueName":"search_term_string"}}],"inLanguage":"pl-PL"}]}},"_links":{"self":[{"href":"https:\/\/kariera.m2c.eu\/pl\/wp-json\/wp\/v2\/pages\/6484","targetHints":{"allow":["GET"]}}],"collection":[{"href":"https:\/\/kariera.m2c.eu\/pl\/wp-json\/wp\/v2\/pages"}],"about":[{"href":"https:\/\/kariera.m2c.eu\/pl\/wp-json\/wp\/v2\/types\/page"}],"author":[{"embeddable":true,"href":"https:\/\/kariera.m2c.eu\/pl\/wp-json\/wp\/v2\/users\/14"}],"replies":[{"embeddable":true,"href":"https:\/\/kariera.m2c.eu\/pl\/wp-json\/wp\/v2\/comments?post=6484"}],"version-history":[{"count":5,"href":"https:\/\/kariera.m2c.eu\/pl\/wp-json\/wp\/v2\/pages\/6484\/revisions"}],"predecessor-version":[{"id":10792,"href":"https:\/\/kariera.m2c.eu\/pl\/wp-json\/wp\/v2\/pages\/6484\/revisions\/10792"}],"wp:attachment":[{"href":"https:\/\/kariera.m2c.eu\/pl\/wp-json\/wp\/v2\/media?parent=6484"}],"curies":[{"name":"wp","href":"https:\/\/api.w.org\/{rel}","templated":true}]}}