{"id":6803,"date":"2021-10-28T15:06:45","date_gmt":"2021-10-28T13:06:45","guid":{"rendered":"https:\/\/kariera.m2c.eu\/?page_id=6803"},"modified":"2025-07-29T14:57:43","modified_gmt":"2025-07-29T12:57:43","slug":"general","status":"publish","type":"page","link":"https:\/\/kariera.m2c.eu\/nl\/","title":{"rendered":"General"},"content":{"rendered":"","protected":false},"excerpt":{"rendered":"","protected":false},"author":14,"featured_media":0,"parent":0,"menu_order":0,"comment_status":"closed","ping_status":"closed","template":"pages\/page-blocks.php","meta":{"footnotes":""},"class_list":["post-6803","page","type-page","status-publish","hentry"],"yoast_head":"<!-- This site is optimized with the Yoast SEO plugin v27.2 - https:\/\/yoast.com\/product\/yoast-seo-wordpress\/ -->\n<title>General | M2C - kari\u00e9ra<\/title>\n<meta name=\"description\" content=\"Op zoek naar een baan met groeimogelijkheden? Sluit je aan bij M2C, waar we ondersteuning, training en een fijne werkomgeving bieden.\" \/>\n<meta name=\"robots\" content=\"index, follow, max-snippet:-1, max-image-preview:large, max-video-preview:-1\" \/>\n<link rel=\"canonical\" href=\"https:\/\/kariera.m2c.eu\/nl\/\" \/>\n<meta property=\"og:locale\" content=\"nl_NL\" \/>\n<meta property=\"og:type\" content=\"article\" \/>\n<meta property=\"og:title\" content=\"General | M2C - kari\u00e9ra\" \/>\n<meta property=\"og:description\" content=\"Op zoek naar een baan met groeimogelijkheden? Sluit je aan bij M2C, waar we ondersteuning, training en een fijne werkomgeving bieden.\" \/>\n<meta property=\"og:url\" content=\"https:\/\/kariera.m2c.eu\/nl\/\" \/>\n<meta property=\"og:site_name\" content=\"M2C - kari\u00e9ra\" \/>\n<meta property=\"article:modified_time\" content=\"2025-07-29T12:57:43+00:00\" \/>\n<meta name=\"twitter:card\" content=\"summary_large_image\" \/>\n<!-- \/ Yoast SEO plugin. -->","yoast_head_json":{"title":"General | M2C - kari\u00e9ra","description":"Op zoek naar een baan met groeimogelijkheden? Sluit je aan bij M2C, waar we ondersteuning, training en een fijne werkomgeving bieden.","robots":{"index":"index","follow":"follow","max-snippet":"max-snippet:-1","max-image-preview":"max-image-preview:large","max-video-preview":"max-video-preview:-1"},"canonical":"https:\/\/kariera.m2c.eu\/nl\/","og_locale":"nl_NL","og_type":"article","og_title":"General | M2C - kari\u00e9ra","og_description":"Op zoek naar een baan met groeimogelijkheden? Sluit je aan bij M2C, waar we ondersteuning, training en een fijne werkomgeving bieden.","og_url":"https:\/\/kariera.m2c.eu\/nl\/","og_site_name":"M2C - kari\u00e9ra","article_modified_time":"2025-07-29T12:57:43+00:00","twitter_card":"summary_large_image","schema":{"@context":"https:\/\/schema.org","@graph":[{"@type":"WebPage","@id":"https:\/\/kariera.m2c.eu\/nl\/","url":"https:\/\/kariera.m2c.eu\/nl\/","name":"General | M2C - kari\u00e9ra","isPartOf":{"@id":"https:\/\/kariera.m2c.eu\/#website"},"datePublished":"2021-10-28T13:06:45+00:00","dateModified":"2025-07-29T12:57:43+00:00","description":"Op zoek naar een baan met groeimogelijkheden? Sluit je aan bij M2C, waar we ondersteuning, training en een fijne werkomgeving bieden.","breadcrumb":{"@id":"https:\/\/kariera.m2c.eu\/nl\/#breadcrumb"},"inLanguage":"nl-NL","potentialAction":[{"@type":"ReadAction","target":["https:\/\/kariera.m2c.eu\/nl\/"]}]},{"@type":"BreadcrumbList","@id":"https:\/\/kariera.m2c.eu\/nl\/#breadcrumb","itemListElement":[{"@type":"ListItem","position":1,"name":"Home","item":"https:\/\/kariera.m2c.eu\/nl\/"},{"@type":"ListItem","position":2,"name":"General"}]},{"@type":"WebSite","@id":"https:\/\/kariera.m2c.eu\/#website","url":"https:\/\/kariera.m2c.eu\/","name":"M2C - kari\u00e9ra","description":"Zosta\u0144 cz\u0119\u015bci\u0105 M2C!","potentialAction":[{"@type":"SearchAction","target":{"@type":"EntryPoint","urlTemplate":"https:\/\/kariera.m2c.eu\/?s={search_term_string}"},"query-input":{"@type":"PropertyValueSpecification","valueRequired":true,"valueName":"search_term_string"}}],"inLanguage":"nl-NL"}]}},"_links":{"self":[{"href":"https:\/\/kariera.m2c.eu\/nl\/wp-json\/wp\/v2\/pages\/6803","targetHints":{"allow":["GET"]}}],"collection":[{"href":"https:\/\/kariera.m2c.eu\/nl\/wp-json\/wp\/v2\/pages"}],"about":[{"href":"https:\/\/kariera.m2c.eu\/nl\/wp-json\/wp\/v2\/types\/page"}],"author":[{"embeddable":true,"href":"https:\/\/kariera.m2c.eu\/nl\/wp-json\/wp\/v2\/users\/14"}],"replies":[{"embeddable":true,"href":"https:\/\/kariera.m2c.eu\/nl\/wp-json\/wp\/v2\/comments?post=6803"}],"version-history":[{"count":1,"href":"https:\/\/kariera.m2c.eu\/nl\/wp-json\/wp\/v2\/pages\/6803\/revisions"}],"predecessor-version":[{"id":6804,"href":"https:\/\/kariera.m2c.eu\/nl\/wp-json\/wp\/v2\/pages\/6803\/revisions\/6804"}],"wp:attachment":[{"href":"https:\/\/kariera.m2c.eu\/nl\/wp-json\/wp\/v2\/media?parent=6803"}],"curies":[{"name":"wp","href":"https:\/\/api.w.org\/{rel}","templated":true}]}}