{"id":6799,"date":"2021-10-28T15:05:37","date_gmt":"2021-10-28T13:05:37","guid":{"rendered":"https:\/\/kariera.m2c.eu\/?page_id=6799"},"modified":"2025-05-30T15:32:53","modified_gmt":"2025-05-30T13:32:53","slug":"opleiding-en-examens","status":"publish","type":"page","link":"https:\/\/kariera.m2c.eu\/nl\/opleiding-en-examens\/","title":{"rendered":"Opleiding en examens"},"content":{"rendered":"<div class=\"d-none\" style=\"display: none;\">\n<h3>Opleiding en examens<\/h3>\n<p>We hebben een verlangen om te leren en nieuwe benaderingen uit te proberen. Wij zullen u ook helpen op uw reis. Wil je niet op \u00e9\u00e9n plek blijven? Je kunt verschillende functies uitproberen, wij helpen je groeien. In M2C hebben we een uitgebreid systeem van training en opleiding van medewerkers.<\/p>\n<h3>In welke categorie bent u ge\u00efnteresseerd?<\/h3>\n<h3>Volledige informatie over trainingen en cursussen wordt verstrekt door:<\/h3>\n<\/div>\n","protected":false},"excerpt":{"rendered":"<p>Opleiding en examens We hebben een verlangen om te leren en nieuwe benaderingen uit te proberen. Wij zullen u ook helpen op uw reis. Wil je niet op \u00e9\u00e9n plek blijven? Je kunt verschillende functies uitproberen, wij helpen je groeien. In M2C hebben we een uitgebreid systeem van training en opleiding van medewerkers. In welke&#8230;<\/p>\n","protected":false},"author":14,"featured_media":0,"parent":0,"menu_order":0,"comment_status":"closed","ping_status":"closed","template":"pages\/page-blocks.php","meta":{"footnotes":""},"class_list":["post-6799","page","type-page","status-publish","hentry"],"yoast_head":"<!-- This site is optimized with the Yoast SEO plugin v27.2 - https:\/\/yoast.com\/product\/yoast-seo-wordpress\/ -->\n<title>Opleiding en examens | M2C - kari\u00e9ra<\/title>\n<meta name=\"description\" content=\"Begin je carri\u00e8re bij M2C. Wij bieden stabiel werk, doorgroeimogelijkheden en een prettige werkomgeving. Word deel van ons team.\" \/>\n<meta name=\"robots\" content=\"index, follow, max-snippet:-1, max-image-preview:large, max-video-preview:-1\" \/>\n<link rel=\"canonical\" href=\"https:\/\/kariera.m2c.eu\/nl\/opleiding-en-examens\/\" \/>\n<meta property=\"og:locale\" content=\"nl_NL\" \/>\n<meta property=\"og:type\" content=\"article\" \/>\n<meta property=\"og:title\" content=\"Opleiding en examens | M2C - kari\u00e9ra\" \/>\n<meta property=\"og:description\" content=\"Begin je carri\u00e8re bij M2C. Wij bieden stabiel werk, doorgroeimogelijkheden en een prettige werkomgeving. Word deel van ons team.\" \/>\n<meta property=\"og:url\" content=\"https:\/\/kariera.m2c.eu\/nl\/opleiding-en-examens\/\" \/>\n<meta property=\"og:site_name\" content=\"M2C - kari\u00e9ra\" \/>\n<meta property=\"article:modified_time\" content=\"2025-05-30T13:32:53+00:00\" \/>\n<meta name=\"twitter:card\" content=\"summary_large_image\" \/>\n<meta name=\"twitter:label1\" content=\"Geschatte leestijd\" \/>\n\t<meta name=\"twitter:data1\" content=\"1 minuut\" \/>\n<!-- \/ Yoast SEO plugin. -->","yoast_head_json":{"title":"Opleiding en examens | M2C - kari\u00e9ra","description":"Begin je carri\u00e8re bij M2C. Wij bieden stabiel werk, doorgroeimogelijkheden en een prettige werkomgeving. Word deel van ons team.","robots":{"index":"index","follow":"follow","max-snippet":"max-snippet:-1","max-image-preview":"max-image-preview:large","max-video-preview":"max-video-preview:-1"},"canonical":"https:\/\/kariera.m2c.eu\/nl\/opleiding-en-examens\/","og_locale":"nl_NL","og_type":"article","og_title":"Opleiding en examens | M2C - kari\u00e9ra","og_description":"Begin je carri\u00e8re bij M2C. Wij bieden stabiel werk, doorgroeimogelijkheden en een prettige werkomgeving. Word deel van ons team.","og_url":"https:\/\/kariera.m2c.eu\/nl\/opleiding-en-examens\/","og_site_name":"M2C - kari\u00e9ra","article_modified_time":"2025-05-30T13:32:53+00:00","twitter_card":"summary_large_image","twitter_misc":{"Geschatte leestijd":"1 minuut"},"schema":{"@context":"https:\/\/schema.org","@graph":[{"@type":"WebPage","@id":"https:\/\/kariera.m2c.eu\/nl\/opleiding-en-examens\/","url":"https:\/\/kariera.m2c.eu\/nl\/opleiding-en-examens\/","name":"Opleiding en examens | M2C - kari\u00e9ra","isPartOf":{"@id":"https:\/\/kariera.m2c.eu\/#website"},"datePublished":"2021-10-28T13:05:37+00:00","dateModified":"2025-05-30T13:32:53+00:00","description":"Begin je carri\u00e8re bij M2C. Wij bieden stabiel werk, doorgroeimogelijkheden en een prettige werkomgeving. Word deel van ons team.","breadcrumb":{"@id":"https:\/\/kariera.m2c.eu\/nl\/opleiding-en-examens\/#breadcrumb"},"inLanguage":"nl-NL","potentialAction":[{"@type":"ReadAction","target":["https:\/\/kariera.m2c.eu\/nl\/opleiding-en-examens\/"]}]},{"@type":"BreadcrumbList","@id":"https:\/\/kariera.m2c.eu\/nl\/opleiding-en-examens\/#breadcrumb","itemListElement":[{"@type":"ListItem","position":1,"name":"Home","item":"https:\/\/kariera.m2c.eu\/nl\/"},{"@type":"ListItem","position":2,"name":"Opleiding en examens"}]},{"@type":"WebSite","@id":"https:\/\/kariera.m2c.eu\/#website","url":"https:\/\/kariera.m2c.eu\/","name":"M2C - kari\u00e9ra","description":"Zosta\u0144 cz\u0119\u015bci\u0105 M2C!","potentialAction":[{"@type":"SearchAction","target":{"@type":"EntryPoint","urlTemplate":"https:\/\/kariera.m2c.eu\/?s={search_term_string}"},"query-input":{"@type":"PropertyValueSpecification","valueRequired":true,"valueName":"search_term_string"}}],"inLanguage":"nl-NL"}]}},"_links":{"self":[{"href":"https:\/\/kariera.m2c.eu\/nl\/wp-json\/wp\/v2\/pages\/6799","targetHints":{"allow":["GET"]}}],"collection":[{"href":"https:\/\/kariera.m2c.eu\/nl\/wp-json\/wp\/v2\/pages"}],"about":[{"href":"https:\/\/kariera.m2c.eu\/nl\/wp-json\/wp\/v2\/types\/page"}],"author":[{"embeddable":true,"href":"https:\/\/kariera.m2c.eu\/nl\/wp-json\/wp\/v2\/users\/14"}],"replies":[{"embeddable":true,"href":"https:\/\/kariera.m2c.eu\/nl\/wp-json\/wp\/v2\/comments?post=6799"}],"version-history":[{"count":4,"href":"https:\/\/kariera.m2c.eu\/nl\/wp-json\/wp\/v2\/pages\/6799\/revisions"}],"predecessor-version":[{"id":14454,"href":"https:\/\/kariera.m2c.eu\/nl\/wp-json\/wp\/v2\/pages\/6799\/revisions\/14454"}],"wp:attachment":[{"href":"https:\/\/kariera.m2c.eu\/nl\/wp-json\/wp\/v2\/media?parent=6799"}],"curies":[{"name":"wp","href":"https:\/\/api.w.org\/{rel}","templated":true}]}}