{"id":941,"date":"2021-10-01T05:43:04","date_gmt":"2021-10-01T03:43:04","guid":{"rendered":"https:\/\/kariera.m2c.eu\/?page_id=941"},"modified":"2021-10-12T05:39:27","modified_gmt":"2021-10-12T03:39:27","slug":"managers-and-administration","status":"publish","type":"page","link":"https:\/\/kariera.m2c.eu\/en\/managers-and-administration\/","title":{"rendered":"Managers and administration"},"content":{"rendered":"","protected":false},"excerpt":{"rendered":"","protected":false},"author":14,"featured_media":0,"parent":0,"menu_order":0,"comment_status":"closed","ping_status":"closed","template":"pages\/page-blocks.php","meta":{"footnotes":""},"class_list":["post-941","page","type-page","status-publish","hentry"],"yoast_head":"<!-- This site is optimized with the Yoast SEO plugin v27.2 - https:\/\/yoast.com\/product\/yoast-seo-wordpress\/ -->\n<title>Managers and administration | M2C - kari\u00e9ra<\/title>\n<meta name=\"robots\" content=\"index, follow, max-snippet:-1, max-image-preview:large, max-video-preview:-1\" \/>\n<link rel=\"canonical\" href=\"https:\/\/kariera.m2c.eu\/en\/managers-and-administration\/\" \/>\n<meta property=\"og:locale\" content=\"en_US\" \/>\n<meta property=\"og:type\" content=\"article\" \/>\n<meta property=\"og:title\" content=\"Managers and administration | M2C - kari\u00e9ra\" \/>\n<meta property=\"og:url\" content=\"https:\/\/kariera.m2c.eu\/en\/managers-and-administration\/\" \/>\n<meta property=\"og:site_name\" content=\"M2C - kari\u00e9ra\" \/>\n<meta property=\"article:modified_time\" content=\"2021-10-12T03:39:27+00:00\" \/>\n<meta name=\"twitter:card\" content=\"summary_large_image\" \/>\n<!-- \/ Yoast SEO plugin. -->","yoast_head_json":{"title":"Managers and administration | M2C - kari\u00e9ra","robots":{"index":"index","follow":"follow","max-snippet":"max-snippet:-1","max-image-preview":"max-image-preview:large","max-video-preview":"max-video-preview:-1"},"canonical":"https:\/\/kariera.m2c.eu\/en\/managers-and-administration\/","og_locale":"en_US","og_type":"article","og_title":"Managers and administration | M2C - kari\u00e9ra","og_url":"https:\/\/kariera.m2c.eu\/en\/managers-and-administration\/","og_site_name":"M2C - kari\u00e9ra","article_modified_time":"2021-10-12T03:39:27+00:00","twitter_card":"summary_large_image","schema":{"@context":"https:\/\/schema.org","@graph":[{"@type":"WebPage","@id":"https:\/\/kariera.m2c.eu\/en\/managers-and-administration\/","url":"https:\/\/kariera.m2c.eu\/en\/managers-and-administration\/","name":"Managers and administration | M2C - kari\u00e9ra","isPartOf":{"@id":"https:\/\/kariera.m2c.eu\/#website"},"datePublished":"2021-10-01T03:43:04+00:00","dateModified":"2021-10-12T03:39:27+00:00","breadcrumb":{"@id":"https:\/\/kariera.m2c.eu\/en\/managers-and-administration\/#breadcrumb"},"inLanguage":"en-US","potentialAction":[{"@type":"ReadAction","target":["https:\/\/kariera.m2c.eu\/en\/managers-and-administration\/"]}]},{"@type":"BreadcrumbList","@id":"https:\/\/kariera.m2c.eu\/en\/managers-and-administration\/#breadcrumb","itemListElement":[{"@type":"ListItem","position":1,"name":"Home","item":"https:\/\/kariera.m2c.eu\/en\/"},{"@type":"ListItem","position":2,"name":"Managers and administration"}]},{"@type":"WebSite","@id":"https:\/\/kariera.m2c.eu\/#website","url":"https:\/\/kariera.m2c.eu\/","name":"M2C - kari\u00e9ra","description":"Zosta\u0144 cz\u0119\u015bci\u0105 M2C!","potentialAction":[{"@type":"SearchAction","target":{"@type":"EntryPoint","urlTemplate":"https:\/\/kariera.m2c.eu\/?s={search_term_string}"},"query-input":{"@type":"PropertyValueSpecification","valueRequired":true,"valueName":"search_term_string"}}],"inLanguage":"en-US"}]}},"_links":{"self":[{"href":"https:\/\/kariera.m2c.eu\/en\/wp-json\/wp\/v2\/pages\/941","targetHints":{"allow":["GET"]}}],"collection":[{"href":"https:\/\/kariera.m2c.eu\/en\/wp-json\/wp\/v2\/pages"}],"about":[{"href":"https:\/\/kariera.m2c.eu\/en\/wp-json\/wp\/v2\/types\/page"}],"author":[{"embeddable":true,"href":"https:\/\/kariera.m2c.eu\/en\/wp-json\/wp\/v2\/users\/14"}],"replies":[{"embeddable":true,"href":"https:\/\/kariera.m2c.eu\/en\/wp-json\/wp\/v2\/comments?post=941"}],"version-history":[{"count":1,"href":"https:\/\/kariera.m2c.eu\/en\/wp-json\/wp\/v2\/pages\/941\/revisions"}],"predecessor-version":[{"id":942,"href":"https:\/\/kariera.m2c.eu\/en\/wp-json\/wp\/v2\/pages\/941\/revisions\/942"}],"wp:attachment":[{"href":"https:\/\/kariera.m2c.eu\/en\/wp-json\/wp\/v2\/media?parent=941"}],"curies":[{"name":"wp","href":"https:\/\/api.w.org\/{rel}","templated":true}]}}