{"id":907,"date":"2021-09-30T20:44:36","date_gmt":"2021-09-30T18:44:36","guid":{"rendered":"https:\/\/kariera.m2c.eu\/?page_id=907"},"modified":"2021-10-27T15:04:48","modified_gmt":"2021-10-27T13:04:48","slug":"benefits","status":"publish","type":"page","link":"https:\/\/kariera.m2c.eu\/en\/benefits\/","title":{"rendered":"Benefits"},"content":{"rendered":"<p><strong>E-mail for sending applications<\/strong>: k.novakova@m2c.eu<br \/>\n<strong>Contact person<\/strong>: Kate\u0159ina Nov\u00e1kov\u00e1<br \/>\n<strong>Telephone number<\/strong>: 725 819 592<br \/>\n<strong>Mailing address<\/strong>: Person\u00e1ln\u00ed odd\u011blen\u00ed M2C, Kate\u0159ina Nov\u00e1kov\u00e1, Vladislavova 17, Praha 1, 110 00<\/p>\n","protected":false},"excerpt":{"rendered":"<p>E-mail for sending applications: k.novakova@m2c.eu Contact person: Kate\u0159ina Nov\u00e1kov\u00e1 Telephone number: 725 819 592 Mailing address: Person\u00e1ln\u00ed odd\u011blen\u00ed M2C, Kate\u0159ina Nov\u00e1kov\u00e1, Vladislavova 17, Praha 1, 110 00<\/p>\n","protected":false},"author":14,"featured_media":0,"parent":0,"menu_order":0,"comment_status":"closed","ping_status":"closed","template":"pages\/page-blocks.php","meta":{"footnotes":""},"class_list":["post-907","page","type-page","status-publish","hentry"],"yoast_head":"<!-- This site is optimized with the Yoast SEO plugin v27.2 - https:\/\/yoast.com\/product\/yoast-seo-wordpress\/ -->\n<title>Benefits | M2C - kari\u00e9ra<\/title>\n<meta name=\"robots\" content=\"index, follow, max-snippet:-1, max-image-preview:large, max-video-preview:-1\" \/>\n<link rel=\"canonical\" href=\"https:\/\/kariera.m2c.eu\/en\/benefits\/\" \/>\n<meta property=\"og:locale\" content=\"en_US\" \/>\n<meta property=\"og:type\" content=\"article\" \/>\n<meta property=\"og:title\" content=\"Benefits | M2C - kari\u00e9ra\" \/>\n<meta property=\"og:description\" content=\"E-mail for sending applications: k.novakova@m2c.eu Contact person: Kate\u0159ina Nov\u00e1kov\u00e1 Telephone number: 725 819 592 Mailing address: Person\u00e1ln\u00ed odd\u011blen\u00ed M2C, Kate\u0159ina Nov\u00e1kov\u00e1, Vladislavova 17, Praha 1, 110 00\" \/>\n<meta property=\"og:url\" content=\"https:\/\/kariera.m2c.eu\/en\/benefits\/\" \/>\n<meta property=\"og:site_name\" content=\"M2C - kari\u00e9ra\" \/>\n<meta property=\"article:modified_time\" content=\"2021-10-27T13:04:48+00:00\" \/>\n<meta name=\"twitter:card\" content=\"summary_large_image\" \/>\n<!-- \/ Yoast SEO plugin. -->","yoast_head_json":{"title":"Benefits | M2C - kari\u00e9ra","robots":{"index":"index","follow":"follow","max-snippet":"max-snippet:-1","max-image-preview":"max-image-preview:large","max-video-preview":"max-video-preview:-1"},"canonical":"https:\/\/kariera.m2c.eu\/en\/benefits\/","og_locale":"en_US","og_type":"article","og_title":"Benefits | M2C - kari\u00e9ra","og_description":"E-mail for sending applications: k.novakova@m2c.eu Contact person: Kate\u0159ina Nov\u00e1kov\u00e1 Telephone number: 725 819 592 Mailing address: Person\u00e1ln\u00ed odd\u011blen\u00ed M2C, Kate\u0159ina Nov\u00e1kov\u00e1, Vladislavova 17, Praha 1, 110 00","og_url":"https:\/\/kariera.m2c.eu\/en\/benefits\/","og_site_name":"M2C - kari\u00e9ra","article_modified_time":"2021-10-27T13:04:48+00:00","twitter_card":"summary_large_image","schema":{"@context":"https:\/\/schema.org","@graph":[{"@type":"WebPage","@id":"https:\/\/kariera.m2c.eu\/en\/benefits\/","url":"https:\/\/kariera.m2c.eu\/en\/benefits\/","name":"Benefits | M2C - kari\u00e9ra","isPartOf":{"@id":"https:\/\/kariera.m2c.eu\/#website"},"datePublished":"2021-09-30T18:44:36+00:00","dateModified":"2021-10-27T13:04:48+00:00","breadcrumb":{"@id":"https:\/\/kariera.m2c.eu\/en\/benefits\/#breadcrumb"},"inLanguage":"en-US","potentialAction":[{"@type":"ReadAction","target":["https:\/\/kariera.m2c.eu\/en\/benefits\/"]}]},{"@type":"BreadcrumbList","@id":"https:\/\/kariera.m2c.eu\/en\/benefits\/#breadcrumb","itemListElement":[{"@type":"ListItem","position":1,"name":"Home","item":"https:\/\/kariera.m2c.eu\/en\/"},{"@type":"ListItem","position":2,"name":"Benefits"}]},{"@type":"WebSite","@id":"https:\/\/kariera.m2c.eu\/#website","url":"https:\/\/kariera.m2c.eu\/","name":"M2C - kari\u00e9ra","description":"Zosta\u0144 cz\u0119\u015bci\u0105 M2C!","potentialAction":[{"@type":"SearchAction","target":{"@type":"EntryPoint","urlTemplate":"https:\/\/kariera.m2c.eu\/?s={search_term_string}"},"query-input":{"@type":"PropertyValueSpecification","valueRequired":true,"valueName":"search_term_string"}}],"inLanguage":"en-US"}]}},"_links":{"self":[{"href":"https:\/\/kariera.m2c.eu\/en\/wp-json\/wp\/v2\/pages\/907","targetHints":{"allow":["GET"]}}],"collection":[{"href":"https:\/\/kariera.m2c.eu\/en\/wp-json\/wp\/v2\/pages"}],"about":[{"href":"https:\/\/kariera.m2c.eu\/en\/wp-json\/wp\/v2\/types\/page"}],"author":[{"embeddable":true,"href":"https:\/\/kariera.m2c.eu\/en\/wp-json\/wp\/v2\/users\/14"}],"replies":[{"embeddable":true,"href":"https:\/\/kariera.m2c.eu\/en\/wp-json\/wp\/v2\/comments?post=907"}],"version-history":[{"count":3,"href":"https:\/\/kariera.m2c.eu\/en\/wp-json\/wp\/v2\/pages\/907\/revisions"}],"predecessor-version":[{"id":5719,"href":"https:\/\/kariera.m2c.eu\/en\/wp-json\/wp\/v2\/pages\/907\/revisions\/5719"}],"wp:attachment":[{"href":"https:\/\/kariera.m2c.eu\/en\/wp-json\/wp\/v2\/media?parent=907"}],"curies":[{"name":"wp","href":"https:\/\/api.w.org\/{rel}","templated":true}]}}