{"id":13906,"date":"2025-04-24T14:43:38","date_gmt":"2025-04-24T12:43:38","guid":{"rendered":"https:\/\/kariera.m2c.eu\/?page_id=13906"},"modified":"2025-04-24T14:43:38","modified_gmt":"2025-04-24T12:43:38","slug":"stellenangebote","status":"publish","type":"page","link":"https:\/\/kariera.m2c.eu\/de\/stellenangebote\/","title":{"rendered":"Stellenangebote"},"content":{"rendered":"<p><span style=\"font-weight: 400;\">Dank unserer Mitarbeiter sind wir in dem, was wir tun, erfolgreich. Wir besch\u00e4ftigen Menschen, die verstehen, dass wir uns nur durch gemeinsame Anstrengungen entwickeln, gedeihen und st\u00e4ndig innovieren k\u00f6nnen. Machen Sie es mit uns. M2C bietet Einsatzm\u00f6glichkeiten in einer Vielzahl von Branchen.<\/span><\/p>\n","protected":false},"excerpt":{"rendered":"<p>Dank unserer Mitarbeiter sind wir in dem, was wir tun, erfolgreich. Wir besch\u00e4ftigen Menschen, die verstehen, dass wir uns nur durch gemeinsame Anstrengungen entwickeln, gedeihen und st\u00e4ndig innovieren k\u00f6nnen. Machen Sie es mit uns. M2C bietet Einsatzm\u00f6glichkeiten in einer Vielzahl von Branchen.<\/p>\n","protected":false},"author":15,"featured_media":0,"parent":0,"menu_order":0,"comment_status":"closed","ping_status":"closed","template":"pages\/page-blocks.php","meta":{"footnotes":""},"class_list":["post-13906","page","type-page","status-publish","hentry"],"yoast_head":"<!-- This site is optimized with the Yoast SEO plugin v27.4 - https:\/\/yoast.com\/product\/yoast-seo-wordpress\/ -->\n<title>Stellenangebote | M2C - kari\u00e9ra<\/title>\n<meta name=\"robots\" content=\"index, follow, max-snippet:-1, max-image-preview:large, max-video-preview:-1\" \/>\n<link rel=\"canonical\" href=\"https:\/\/kariera.m2c.eu\/de\/stellenangebote\/\" \/>\n<meta property=\"og:locale\" content=\"de_DE\" \/>\n<meta property=\"og:type\" content=\"article\" \/>\n<meta property=\"og:title\" content=\"Stellenangebote | M2C - kari\u00e9ra\" \/>\n<meta property=\"og:description\" content=\"Dank unserer Mitarbeiter sind wir in dem, was wir tun, erfolgreich. Wir besch\u00e4ftigen Menschen, die verstehen, dass wir uns nur durch gemeinsame Anstrengungen entwickeln, gedeihen und st\u00e4ndig innovieren k\u00f6nnen. Machen Sie es mit uns. M2C bietet Einsatzm\u00f6glichkeiten in einer Vielzahl von Branchen.\" \/>\n<meta property=\"og:url\" content=\"https:\/\/kariera.m2c.eu\/de\/stellenangebote\/\" \/>\n<meta property=\"og:site_name\" content=\"M2C - kari\u00e9ra\" \/>\n<meta name=\"twitter:card\" content=\"summary_large_image\" \/>\n<meta name=\"twitter:label1\" content=\"Gesch\u00e4tzte Lesezeit\" \/>\n\t<meta name=\"twitter:data1\" content=\"1\u00a0Minute\" \/>\n<!-- \/ Yoast SEO plugin. -->","yoast_head_json":{"title":"Stellenangebote | M2C - kari\u00e9ra","robots":{"index":"index","follow":"follow","max-snippet":"max-snippet:-1","max-image-preview":"max-image-preview:large","max-video-preview":"max-video-preview:-1"},"canonical":"https:\/\/kariera.m2c.eu\/de\/stellenangebote\/","og_locale":"de_DE","og_type":"article","og_title":"Stellenangebote | M2C - kari\u00e9ra","og_description":"Dank unserer Mitarbeiter sind wir in dem, was wir tun, erfolgreich. Wir besch\u00e4ftigen Menschen, die verstehen, dass wir uns nur durch gemeinsame Anstrengungen entwickeln, gedeihen und st\u00e4ndig innovieren k\u00f6nnen. Machen Sie es mit uns. M2C bietet Einsatzm\u00f6glichkeiten in einer Vielzahl von Branchen.","og_url":"https:\/\/kariera.m2c.eu\/de\/stellenangebote\/","og_site_name":"M2C - kari\u00e9ra","twitter_card":"summary_large_image","twitter_misc":{"Gesch\u00e4tzte Lesezeit":"1\u00a0Minute"},"schema":{"@context":"https:\/\/schema.org","@graph":[{"@type":"WebPage","@id":"https:\/\/kariera.m2c.eu\/de\/stellenangebote\/","url":"https:\/\/kariera.m2c.eu\/de\/stellenangebote\/","name":"Stellenangebote | M2C - kari\u00e9ra","isPartOf":{"@id":"https:\/\/kariera.m2c.eu\/#website"},"datePublished":"2025-04-24T12:43:38+00:00","breadcrumb":{"@id":"https:\/\/kariera.m2c.eu\/de\/stellenangebote\/#breadcrumb"},"inLanguage":"de","potentialAction":[{"@type":"ReadAction","target":["https:\/\/kariera.m2c.eu\/de\/stellenangebote\/"]}]},{"@type":"BreadcrumbList","@id":"https:\/\/kariera.m2c.eu\/de\/stellenangebote\/#breadcrumb","itemListElement":[{"@type":"ListItem","position":1,"name":"Home","item":"https:\/\/kariera.m2c.eu\/de\/"},{"@type":"ListItem","position":2,"name":"Stellenangebote"}]},{"@type":"WebSite","@id":"https:\/\/kariera.m2c.eu\/#website","url":"https:\/\/kariera.m2c.eu\/","name":"M2C - kari\u00e9ra","description":"Zosta\u0144 cz\u0119\u015bci\u0105 M2C!","potentialAction":[{"@type":"SearchAction","target":{"@type":"EntryPoint","urlTemplate":"https:\/\/kariera.m2c.eu\/?s={search_term_string}"},"query-input":{"@type":"PropertyValueSpecification","valueRequired":true,"valueName":"search_term_string"}}],"inLanguage":"de"}]}},"_links":{"self":[{"href":"https:\/\/kariera.m2c.eu\/de\/wp-json\/wp\/v2\/pages\/13906","targetHints":{"allow":["GET"]}}],"collection":[{"href":"https:\/\/kariera.m2c.eu\/de\/wp-json\/wp\/v2\/pages"}],"about":[{"href":"https:\/\/kariera.m2c.eu\/de\/wp-json\/wp\/v2\/types\/page"}],"author":[{"embeddable":true,"href":"https:\/\/kariera.m2c.eu\/de\/wp-json\/wp\/v2\/users\/15"}],"replies":[{"embeddable":true,"href":"https:\/\/kariera.m2c.eu\/de\/wp-json\/wp\/v2\/comments?post=13906"}],"version-history":[{"count":2,"href":"https:\/\/kariera.m2c.eu\/de\/wp-json\/wp\/v2\/pages\/13906\/revisions"}],"predecessor-version":[{"id":13949,"href":"https:\/\/kariera.m2c.eu\/de\/wp-json\/wp\/v2\/pages\/13906\/revisions\/13949"}],"wp:attachment":[{"href":"https:\/\/kariera.m2c.eu\/de\/wp-json\/wp\/v2\/media?parent=13906"}],"curies":[{"name":"wp","href":"https:\/\/api.w.org\/{rel}","templated":true}]}}