{"id":14660,"date":"2025-08-05T11:40:33","date_gmt":"2025-08-05T09:40:33","guid":{"rendered":"https:\/\/kariera.m2c.eu\/?page_id=14660"},"modified":"2025-08-05T11:40:33","modified_gmt":"2025-08-05T09:40:33","slug":"uvod","status":"publish","type":"page","link":"https:\/\/kariera.m2c.eu\/be\/","title":{"rendered":"\u00davod"},"content":{"rendered":"","protected":false},"excerpt":{"rendered":"","protected":false},"author":15,"featured_media":0,"parent":0,"menu_order":0,"comment_status":"closed","ping_status":"closed","template":"pages\/page-blocks.php","meta":{"footnotes":""},"class_list":["post-14660","page","type-page","status-publish","hentry"],"yoast_head":"<!-- This site is optimized with the Yoast SEO plugin v27.2 - https:\/\/yoast.com\/product\/yoast-seo-wordpress\/ -->\n<title>\u00davod | M2C - kari\u00e9ra<\/title>\n<meta name=\"description\" content=\"Op zoek naar een interessante baan? Kom bij M2C werken en ontwikkel je carri\u00e8re in een vriendelijke en stimulerende werkomgeving.\" \/>\n<meta name=\"robots\" content=\"index, follow, max-snippet:-1, max-image-preview:large, max-video-preview:-1\" \/>\n<link rel=\"canonical\" href=\"https:\/\/kariera.m2c.eu\/be\/\" \/>\n<meta property=\"og:locale\" content=\"fr_FR\" \/>\n<meta property=\"og:type\" content=\"article\" \/>\n<meta property=\"og:title\" content=\"\u00davod | M2C - kari\u00e9ra\" \/>\n<meta property=\"og:description\" content=\"Op zoek naar een interessante baan? Kom bij M2C werken en ontwikkel je carri\u00e8re in een vriendelijke en stimulerende werkomgeving.\" \/>\n<meta property=\"og:url\" content=\"https:\/\/kariera.m2c.eu\/be\/\" \/>\n<meta property=\"og:site_name\" content=\"M2C - kari\u00e9ra\" \/>\n<meta name=\"twitter:card\" content=\"summary_large_image\" \/>\n<!-- \/ Yoast SEO plugin. -->","yoast_head_json":{"title":"\u00davod | M2C - kari\u00e9ra","description":"Op zoek naar een interessante baan? Kom bij M2C werken en ontwikkel je carri\u00e8re in een vriendelijke en stimulerende werkomgeving.","robots":{"index":"index","follow":"follow","max-snippet":"max-snippet:-1","max-image-preview":"max-image-preview:large","max-video-preview":"max-video-preview:-1"},"canonical":"https:\/\/kariera.m2c.eu\/be\/","og_locale":"fr_FR","og_type":"article","og_title":"\u00davod | M2C - kari\u00e9ra","og_description":"Op zoek naar een interessante baan? Kom bij M2C werken en ontwikkel je carri\u00e8re in een vriendelijke en stimulerende werkomgeving.","og_url":"https:\/\/kariera.m2c.eu\/be\/","og_site_name":"M2C - kari\u00e9ra","twitter_card":"summary_large_image","schema":{"@context":"https:\/\/schema.org","@graph":[{"@type":"WebPage","@id":"https:\/\/kariera.m2c.eu\/be\/","url":"https:\/\/kariera.m2c.eu\/be\/","name":"\u00davod | M2C - kari\u00e9ra","isPartOf":{"@id":"https:\/\/kariera.m2c.eu\/#website"},"datePublished":"2025-08-05T09:40:33+00:00","description":"Op zoek naar een interessante baan? Kom bij M2C werken en ontwikkel je carri\u00e8re in een vriendelijke en stimulerende werkomgeving.","breadcrumb":{"@id":"https:\/\/kariera.m2c.eu\/be\/#breadcrumb"},"inLanguage":"fr-BE","potentialAction":[{"@type":"ReadAction","target":["https:\/\/kariera.m2c.eu\/be\/"]}]},{"@type":"BreadcrumbList","@id":"https:\/\/kariera.m2c.eu\/be\/#breadcrumb","itemListElement":[{"@type":"ListItem","position":1,"name":"Home","item":"https:\/\/kariera.m2c.eu\/be\/"},{"@type":"ListItem","position":2,"name":"\u00davod"}]},{"@type":"WebSite","@id":"https:\/\/kariera.m2c.eu\/#website","url":"https:\/\/kariera.m2c.eu\/","name":"M2C - kari\u00e9ra","description":"Zosta\u0144 cz\u0119\u015bci\u0105 M2C!","potentialAction":[{"@type":"SearchAction","target":{"@type":"EntryPoint","urlTemplate":"https:\/\/kariera.m2c.eu\/?s={search_term_string}"},"query-input":{"@type":"PropertyValueSpecification","valueRequired":true,"valueName":"search_term_string"}}],"inLanguage":"fr-BE"}]}},"_links":{"self":[{"href":"https:\/\/kariera.m2c.eu\/be\/wp-json\/wp\/v2\/pages\/14660","targetHints":{"allow":["GET"]}}],"collection":[{"href":"https:\/\/kariera.m2c.eu\/be\/wp-json\/wp\/v2\/pages"}],"about":[{"href":"https:\/\/kariera.m2c.eu\/be\/wp-json\/wp\/v2\/types\/page"}],"author":[{"embeddable":true,"href":"https:\/\/kariera.m2c.eu\/be\/wp-json\/wp\/v2\/users\/15"}],"replies":[{"embeddable":true,"href":"https:\/\/kariera.m2c.eu\/be\/wp-json\/wp\/v2\/comments?post=14660"}],"version-history":[{"count":1,"href":"https:\/\/kariera.m2c.eu\/be\/wp-json\/wp\/v2\/pages\/14660\/revisions"}],"predecessor-version":[{"id":14661,"href":"https:\/\/kariera.m2c.eu\/be\/wp-json\/wp\/v2\/pages\/14660\/revisions\/14661"}],"wp:attachment":[{"href":"https:\/\/kariera.m2c.eu\/be\/wp-json\/wp\/v2\/media?parent=14660"}],"curies":[{"name":"wp","href":"https:\/\/api.w.org\/{rel}","templated":true}]}}